{"id":2,"date":"2025-07-16T12:50:36","date_gmt":"2025-07-16T10:50:36","guid":{"rendered":"http:\/\/www.infouniodigital.es\/?page_id=2"},"modified":"2026-05-08T17:56:57","modified_gmt":"2026-05-08T15:56:57","slug":"inicio","status":"publish","type":"page","link":"https:\/\/www.infouniodigital.es\/ca\/","title":{"rendered":"Inici"},"content":{"rendered":"\n<div class=\"wp-block-uagb-container uagb-block-5dadc021 alignfull uagb-is-root-container\">\n<div class=\"wp-block-uagb-container uagb-block-21af7ff9\"><\/div>\n\n\n\n<div class=\"wp-block-uagb-container uagb-block-5791da90\">\n<div class=\"wp-block-uagb-advanced-heading uagb-block-2f79136f\"><h2 class=\"uagb-heading-text\">INFOUNI\u00d3<\/h2><\/div>\n<\/div>\n\n\n\n<div class=\"wp-block-uagb-container uagb-block-b3e6a635\">\n<div class=\"wp-block-uagb-buttons uagb-buttons__outer-wrap uagb-btn__default-btn uagb-btn-tablet__default-btn uagb-btn-mobile__default-btn uagb-block-0ccf8c0c\"><div class=\"uagb-buttons__wrap uagb-buttons-layout-wrap \">\n\n\n<div class=\"wp-block-uagb-buttons-child uagb-buttons__outer-wrap uagb-block-a39444c9 wp-block-button\"><div class=\"uagb-button__wrapper\"><a class=\"uagb-buttons-repeater wp-block-button__link\" aria-label=\"\" href=\"https:\/\/wa.me\/+34614429428\" rel=\"follow noopener\" target=\"_blank\" role=\"button\"><div class=\"uagb-button__link\"><span class=\"wp-rich-text-font-awesome-icon wp-font-awesome-icon\"><svg aria-hidden=\"true\" focusable=\"false\" data-prefix=\"fab\" data-icon=\"whatsapp\" class=\"svg-inline--fa fa-whatsapp \" role=\"img\" xmlns=\"http:\/\/www.w3.org\/2000\/svg\" viewBox=\"0 0 448 512\" style=\"font-size:1.3em\"><path fill=\"currentColor\" d=\"M380.9 97.1c-41.9-42-97.7-65.1-157-65.1-122.4 0-222 99.6-222 222 0 39.1 10.2 77.3 29.6 111L0 480 117.7 449.1c32.4 17.7 68.9 27 106.1 27l.1 0c122.3 0 224.1-99.6 224.1-222 0-59.3-25.2-115-67.1-157zm-157 341.6c-33.2 0-65.7-8.9-94-25.7l-6.7-4-69.8 18.3 18.6-68.1-4.4-7c-18.5-29.4-28.2-63.3-28.2-98.2 0-101.7 82.8-184.5 184.6-184.5 49.3 0 95.6 19.2 130.4 54.1s56.2 81.2 56.1 130.5c0 101.8-84.9 184.6-186.6 184.6zM325.1 300.5c-5.5-2.8-32.8-16.2-37.9-18-5.1-1.9-8.8-2.8-12.5 2.8s-14.3 18-17.6 21.8c-3.2 3.7-6.5 4.2-12 1.4-32.6-16.3-54-29.1-75.5-66-5.7-9.8 5.7-9.1 16.3-30.3 1.8-3.7 .9-6.9-.5-9.7s-12.5-30.1-17.1-41.2c-4.5-10.8-9.1-9.3-12.5-9.5-3.2-.2-6.9-.2-10.6-.2s-9.7 1.4-14.8 6.9c-5.1 5.6-19.4 19-19.4 46.3s19.9 53.7 22.6 57.4c2.8 3.7 39.1 59.7 94.8 83.8 35.2 15.2 49 16.5 66.6 13.9 10.7-1.6 32.8-13.4 37.4-26.4s4.6-24.1 3.2-26.4c-1.3-2.5-5-3.9-10.5-6.6z\"><\/path><\/svg><\/span>614 42 94 28<\/div><\/a><\/div><\/div>\n\n\n\n<div class=\"wp-block-uagb-buttons-child uagb-buttons__outer-wrap uagb-block-2af1653f wp-block-button\"><div class=\"uagb-button__wrapper\"><a class=\"uagb-buttons-repeater wp-block-button__link\" aria-label=\"\" href=\"tel:+34973281667\" rel=\"follow noopener\" target=\"_self\" role=\"button\"><div class=\"uagb-button__link\"><span class=\"wp-rich-text-font-awesome-icon wp-font-awesome-icon\"><svg aria-hidden=\"true\" focusable=\"false\" data-prefix=\"fas\" data-icon=\"phone\" class=\"svg-inline--fa fa-phone \" role=\"img\" xmlns=\"http:\/\/www.w3.org\/2000\/svg\" viewBox=\"0 0 512 512\"><path fill=\"currentColor\" d=\"M160.2 25C152.3 6.1 131.7-3.9 112.1 1.4l-5.5 1.5c-64.6 17.6-119.8 80.2-103.7 156.4 37.1 175 174.8 312.7 349.8 349.8 76.3 16.2 138.8-39.1 156.4-103.7l1.5-5.5c5.4-19.7-4.7-40.3-23.5-48.1l-97.3-40.5c-16.5-6.9-35.6-2.1-47 11.8l-38.6 47.2C233.9 335.4 177.3 277 144.8 205.3L189 169.3c13.9-11.3 18.6-30.4 11.8-47L160.2 25z\"><\/path><\/svg><\/span> 973 28 16 67<\/div><\/a><\/div><\/div>\n<\/div><\/div>\n<\/div>\n\n\n\n<style>.item h2{color:#fff;font-size:24px}.game-section{padding:60px 50px}.game-section .item{margin:0 15px 60px;width:320px;height:400px;display:flex;display:-webkit-flex;align-items:flex-end;-webkit-align-items:flex-end;background:#343434 no-repeat center center\/cover;border-radius:16px;overflow:hidden;position:relative;transition:all .4s ease-in-out;-webkit-transition:all .4s ease-in-out;cursor:pointer}.game-section .item.active{width:500px;box-shadow:12px 40px 40px rgba(0,0,0,.25);-webkit-box-shadow:12px 40px 40px rgba(0,0,0,.25)}.game-section .item:after{content:\"\";display:block;position:absolute;height:100%;width:100%;left:0;top:0;background-image:linear-gradient(rgba(0,0,0,0),rgba(0,0,0,1))}.game-section .item-desc{padding:0 24px 12px;color:#fff;position:relative;z-index:1;overflow:hidden;transform:translateY(calc(100% - 54px));-webkit-transform:translateY(calc(100% - 54px));transition:all .4s ease-in-out;-webkit-transition:all .4s ease-in-out}.game-section .item.active .item-desc{transform:none;-webkit-transform:none}.game-section .item-desc p{opacity:0;-webkit-transform:translateY(32px);transform:translateY(32px);transition:all .4s ease-in-out .2s;-webkit-transition:all .4s ease-in-out .2s}.game-section .item.active .item-desc p{opacity:1;-webkit-transform:translateY(0);transform:translateY(0)}@media (min-width:992px) and (max-width:1199px){.game-section{padding:50px 30px}.game-section .item{margin:0 12px 60px;width:260px;height:360px}.game-section .item.active{width:400px}.game-section .item-desc{transform:translateY(calc(100% - 46px));-webkit-transform:translateY(calc(100% - 46px))}}@media (min-width:768px) and (max-width:991px){.line-title{width:330px}.game-section{padding:50px 30px 40px}.game-section .item{margin:0 12px 60px;width:240px;height:330px}.game-section .item.active{width:360px}.game-section .item-desc{transform:translateY(calc(100% - 42px));-webkit-transform:translateY(calc(100% - 42px))}}@media (max-width:767px){.line-title{width:250px}.game-section{padding:30px 15px 20px}.card-container{display:flex;flex-direction:column;align-items:center;gap:30px;overflow:visible!important;flex-wrap:nowrap}.game-section .item{width:100%!important;max-width:100%;height:400px;margin:0 0 15px}.game-section .item.active{width:100%!important;box-shadow:6px 10px 10px rgba(0,0,0,.25);-webkit-box-shadow:6px 10px 10px rgba(0,0,0,.25)}.game-section .item-desc{padding:0 14px 5px;transform:translateY(calc(100% - 42px));-webkit-transform:translateY(calc(100% - 42px))}}.b-game{float:right;margin-left:15px}.card-container{display:flex;justify-content:center;align-items:flex-end;flex-wrap:nowrap;gap:30px;overflow-x:auto;padding-bottom:40px}<\/style><script src=https:\/\/cdnjs.cloudflare.com\/ajax\/libs\/jquery\/3.5.1\/jquery.min.js><\/script><script>$(document).ready(function(){$(\".card-container .item\").click(function(){$(\".card-container .item\").not($(this)).removeClass(\"active\"),$(this).toggleClass(\"active\")})})<\/script><section class=game-section><div class=card-container><div class=\"item active\" style=\"background-image:url(https:\/\/www.infouniodigital.es\/wp-content\/uploads\/2026\/05\/ServicioTecnico.webp); fetchpriority:high;\"><div class=item-desc><h2>Servicio T\u00e9cnico<\/h2><p>Ofrecemos un servicio t\u00e9cnico especializado en la reparaci\u00f3n de PCs, port\u00e1tiles y equipos inform\u00e1ticos en Lleida. Diagnosticamos y solucionamos aver\u00edas de hardware y software, realizamos mantenimiento preventivo y optimizamos el rendimiento de tu ordenador para que funcione como el primer d\u00eda.<\/p><\/div><\/div><div class=item style=background-image:url(https:\/\/www.infouniodigital.es\/wp-content\/uploads\/2026\/05\/TGcard.webp)><div class=item-desc><h2>Gesti\u00f3n Empresarial<\/h2><p>tgProfesional es la soluci\u00f3n ideal para PYMES que buscan optimizar sus procesos administrativos y de facturaci\u00f3n electr\u00f3nica VeriFactu (Veri*factu) con aplicaciones f\u00e1ciles de usar, men\u00fas intuitivos y pantallas din\u00e1micas.<\/p><\/div><\/div><div class=item style=background-image:url(https:\/\/www.infouniodigital.es\/wp-content\/uploads\/2026\/05\/SoterGuard.webp)><div class=item-desc><h2>Servidor Privado<\/h2><p>SoterGuard es la soluci\u00f3n ideal para organizaciones que buscan centralizar y proteger toda su infraestructura IT (Tecnolog\u00edas de la Informaci\u00f3n). Permite gestionar servidores, redes y copias de seguridad de forma \u00e1gil, garantizando la continuidad del negocio y el cumplimiento de las normativas de seguridad m\u00e1s exigentes sin complicaciones t\u00e9cnicas.<\/p><\/div><\/div><\/div><\/section>\n<\/div>\n\n\n\n<div class=\"wp-block-uagb-container uagb-block-c69e3434 alignfull uagb-is-root-container\"><div class=\"uagb-container-inner-blocks-wrap\">\n<div class=\"wp-block-uagb-container uagb-block-866f260d\">\n<div class=\"wp-block-uagb-info-box uagb-block-1968a10e uagb-infobox__content-wrap  uagb-infobox-icon-above-title uagb-infobox-image-valign-top\"><div class=\"uagb-ifb-content\"><div class=\"uagb-ifb-title-wrap\"><span class=\"uagb-ifb-title-prefix\">[por qu\u00e9 elegirnos]<\/span><h2 class=\"uagb-ifb-title\">Reparaci\u00f3n de port\u00e1tiles y PCs en Lleida<\/h2><\/div><p class=\"uagb-ifb-desc\">En InfoUni\u00f3 aplicamos una metodolog\u00eda t\u00e9cnica rigurosa con un trato cercano y personalizado. Nos hemos consolidado como servicio t\u00e9cnico de referencia para empresas y particulares de Lleida y comarcas.<\/p><\/div><\/div>\n<\/div>\n\n\n\n<div class=\"wp-block-uagb-container uagb-block-1fb4e597\">\n<div class=\"wp-block-uagb-container uagb-block-2daf1ca7\">\n<div class=\"wp-block-uagb-container uagb-block-f713f654\">\n<figure class=\"wp-block-image size-full\" style=\"margin-top:0;margin-bottom:0\"><img loading=\"lazy\" decoding=\"async\" width=\"512\" height=\"512\" src=\"https:\/\/www.infouniodigital.es\/wp-content\/uploads\/2026\/04\/rapid.webp\" alt=\"\" class=\"wp-image-2640\" srcset=\"https:\/\/www.infouniodigital.es\/wp-content\/uploads\/2026\/04\/rapid.webp 512w, https:\/\/www.infouniodigital.es\/wp-content\/uploads\/2026\/04\/rapid-300x300.webp 300w, https:\/\/www.infouniodigital.es\/wp-content\/uploads\/2026\/04\/rapid-150x150.webp 150w\" sizes=\"auto, (max-width: 512px) 100vw, 512px\" \/><\/figure>\n<\/div>\n\n\n\n<div class=\"wp-block-uagb-info-box uagb-block-a386a3a0 uagb-infobox__content-wrap  uagb-infobox-icon-above-title uagb-infobox-image-valign-top\"><div class=\"uagb-ifb-content\"><div class=\"uagb-ifb-title-wrap\"><h3 class=\"uagb-ifb-title\">Reparaciones en 24h<\/h3><\/div><p class=\"uagb-ifb-desc\">Sabemos que no puedes estar sin tu ordenador, as\u00ed que vamos al grano y te lo devolvemos cuanto antes.<\/p><\/div><\/div>\n<\/div>\n\n\n\n<div class=\"wp-block-uagb-container uagb-block-9367a517\">\n<div class=\"wp-block-uagb-container uagb-block-d17049d8\">\n<figure class=\"wp-block-image size-full\" style=\"margin-top:0;margin-bottom:0\"><img loading=\"lazy\" decoding=\"async\" width=\"512\" height=\"512\" src=\"https:\/\/www.infouniodigital.es\/wp-content\/uploads\/2026\/04\/presupostos.webp\" alt=\"\" class=\"wp-image-2643\" srcset=\"https:\/\/www.infouniodigital.es\/wp-content\/uploads\/2026\/04\/presupostos.webp 512w, https:\/\/www.infouniodigital.es\/wp-content\/uploads\/2026\/04\/presupostos-300x300.webp 300w, https:\/\/www.infouniodigital.es\/wp-content\/uploads\/2026\/04\/presupostos-150x150.webp 150w\" sizes=\"auto, (max-width: 512px) 100vw, 512px\" \/><\/figure>\n<\/div>\n\n\n\n<div class=\"wp-block-uagb-info-box uagb-block-121bb641 uagb-infobox__content-wrap  uagb-infobox-icon-above-title uagb-infobox-image-valign-top\"><div class=\"uagb-ifb-content\"><div class=\"uagb-ifb-title-wrap\"><h3 class=\"uagb-ifb-title\">Diagnostico gratis<\/h3><\/div><p class=\"uagb-ifb-desc\">Te decimos exactamente qu\u00e9 le pasa a tu equipo y cu\u00e1nto costar\u00e1 arreglarlo antes de tocar nada. Sin letra peque\u00f1a ni cargos extra al final.<\/p><\/div><\/div>\n<\/div>\n\n\n\n<div class=\"wp-block-uagb-container uagb-block-b829743e\">\n<div class=\"wp-block-uagb-container uagb-block-3c338b12\">\n<figure class=\"wp-block-image size-full\" style=\"margin-top:0;margin-bottom:0\"><img loading=\"lazy\" decoding=\"async\" width=\"512\" height=\"512\" src=\"https:\/\/www.infouniodigital.es\/wp-content\/uploads\/2026\/04\/ubi.webp\" alt=\"\" class=\"wp-image-2641\" srcset=\"https:\/\/www.infouniodigital.es\/wp-content\/uploads\/2026\/04\/ubi.webp 512w, https:\/\/www.infouniodigital.es\/wp-content\/uploads\/2026\/04\/ubi-300x300.webp 300w, https:\/\/www.infouniodigital.es\/wp-content\/uploads\/2026\/04\/ubi-150x150.webp 150w\" sizes=\"auto, (max-width: 512px) 100vw, 512px\" \/><\/figure>\n<\/div>\n\n\n\n<div class=\"wp-block-uagb-info-box uagb-block-5b362962 uagb-infobox__content-wrap  uagb-infobox-icon-above-title uagb-infobox-image-valign-top\"><div class=\"uagb-ifb-content\"><div class=\"uagb-ifb-title-wrap\"><h3 class=\"uagb-ifb-title\">100% Lleida<\/h3><\/div><p class=\"uagb-ifb-desc\">Estamos en Lleida. Nada de centros de llamadas externos: hablas siempre con el t\u00e9cnico que repara tu equipo.<\/p><\/div><\/div>\n<\/div>\n\n\n\n<div class=\"wp-block-uagb-container uagb-block-211585cc\">\n<div class=\"wp-block-uagb-container uagb-block-d940c2b6\">\n<figure class=\"wp-block-image size-full\" style=\"margin-top:0;margin-bottom:0\"><img loading=\"lazy\" decoding=\"async\" width=\"512\" height=\"512\" src=\"https:\/\/www.infouniodigital.es\/wp-content\/uploads\/2026\/04\/anys.webp\" alt=\"\" class=\"wp-image-2639\" srcset=\"https:\/\/www.infouniodigital.es\/wp-content\/uploads\/2026\/04\/anys.webp 512w, https:\/\/www.infouniodigital.es\/wp-content\/uploads\/2026\/04\/anys-300x300.webp 300w, https:\/\/www.infouniodigital.es\/wp-content\/uploads\/2026\/04\/anys-150x150.webp 150w\" sizes=\"auto, (max-width: 512px) 100vw, 512px\" \/><\/figure>\n<\/div>\n\n\n\n<div class=\"wp-block-uagb-info-box uagb-block-3ea773b2 uagb-infobox__content-wrap  uagb-infobox-icon-above-title uagb-infobox-image-valign-top\"><div class=\"uagb-ifb-content\"><div class=\"uagb-ifb-title-wrap\"><h3 class=\"uagb-ifb-title\">+25 a\u00f1os reparando<\/h3><\/div><p class=\"uagb-ifb-desc\">M\u00e1s de dos d\u00e9cadas dando soporte a particulares, aut\u00f3nomos y pymes de Lleida. Tu equipo est\u00e1 en manos expertas.<\/p><\/div><\/div>\n<\/div>\n<\/div>\n<\/div><\/div>\n\n\n\n<div class=\"wp-block-uagb-container uagb-block-33a52561 alignfull uagb-is-root-container\"><div class=\"uagb-container-inner-blocks-wrap\">\n<div class=\"wp-block-uagb-advanced-heading uagb-block-6a6177ca\"><h2 class=\"uagb-heading-text\">TG Profesional<\/h2><\/div>\n\n\n\n<div class=\"wp-block-uagb-container uagb-block-0f30697e\">\n<figure class=\"wp-block-image size-large has-custom-border\"><img loading=\"lazy\" decoding=\"async\" width=\"1024\" height=\"576\" src=\"http:\/\/www.infouniodigital.es\/wp-content\/uploads\/2025\/10\/TGVerifactu-1024x576.webp\" alt=\"\" class=\"wp-image-2228\" style=\"border-top-left-radius:15px;border-top-right-radius:15px;border-bottom-left-radius:15px;border-bottom-right-radius:15px\" srcset=\"https:\/\/www.infouniodigital.es\/wp-content\/uploads\/2025\/10\/TGVerifactu-1024x576.webp 1024w, https:\/\/www.infouniodigital.es\/wp-content\/uploads\/2025\/10\/TGVerifactu-300x169.webp 300w, https:\/\/www.infouniodigital.es\/wp-content\/uploads\/2025\/10\/TGVerifactu-768x432.webp 768w, https:\/\/www.infouniodigital.es\/wp-content\/uploads\/2025\/10\/TGVerifactu.webp 1251w\" sizes=\"auto, (max-width: 1024px) 100vw, 1024px\" \/><\/figure>\n<\/div>\n\n\n\n<div class=\"wp-block-uagb-container uagb-block-030d36cc\">\n<p style=\"margin-top:0;margin-bottom:0\">En Infounio ponemos a tu disposici\u00f3n <strong>tgProfesional<\/strong>, un <strong>programa de facturaci\u00f3n y gesti\u00f3n empresarial para PYMES<\/strong> dise\u00f1ado para optimizar los procesos administrativos de tu negocio. Su interfaz intuitiva, men\u00fas claros y pantallas din\u00e1micas permiten trabajar de forma \u00e1gil y sencilla, sin necesidad de conocimientos t\u00e9cnicos avanzados.<\/p>\n\n\n\n<p style=\"margin-top:0;margin-bottom:0\">Adem\u00e1s, <strong>tgProfesional est\u00e1 preparado para cumplir con la normativa de factura electr\u00f3nica y VeriFactu (Veri*factu)<\/strong>, garantizando la conexi\u00f3n directa con la Agencia Tributaria y la emisi\u00f3n segura de facturas electr\u00f3nicas en formato <strong>Facturae<\/strong>, con firma digital integrada.<\/p>\n\n\n\n<div class=\"wp-block-buttons is-layout-flex wp-block-buttons-is-layout-flex\">\n<div class=\"wp-block-button\"><a class=\"wp-block-button__link has-background wp-element-button\" href=\"http:\/\/www.infouniodigital.es\/verifactu\/\" style=\"border-radius:15px;background-color:#ac1726\">Mas informaci\u00f3n<\/a><\/div>\n<\/div>\n<\/div>\n<\/div><\/div>\n","protected":false},"excerpt":{"rendered":"<p>INFOUNI\u00d3 Servicio T\u00e9cnico Ofrecemos un servicio t\u00e9cnico especializado en la reparaci\u00f3n de PCs, port\u00e1tiles y equipos inform\u00e1ticos en Lleida. Diagnosticamos [&hellip;]<\/p>\n","protected":false},"author":1,"featured_media":0,"parent":0,"menu_order":0,"comment_status":"closed","ping_status":"open","template":"","meta":{"_eb_attr":"","_uag_custom_page_level_css":"","site-sidebar-layout":"default","site-content-layout":"","ast-site-content-layout":"default","site-content-style":"default","site-sidebar-style":"default","ast-global-header-display":"","ast-banner-title-visibility":"","ast-main-header-display":"","ast-hfb-above-header-display":"","ast-hfb-below-header-display":"","ast-hfb-mobile-header-display":"","site-post-title":"disabled","ast-breadcrumbs-content":"","ast-featured-img":"","footer-sml-layout":"","ast-disable-related-posts":"","theme-transparent-header-meta":"enabled","adv-header-id-meta":"","stick-header-meta":"","header-above-stick-meta":"","header-main-stick-meta":"","header-below-stick-meta":"","astra-migrate-meta-layouts":"default","ast-page-background-enabled":"default","ast-page-background-meta":{"desktop":{"background-color":"var(--ast-global-color-5)","background-image":"","background-repeat":"repeat","background-position":"center center","background-size":"auto","background-attachment":"scroll","background-type":"","background-media":"","overlay-type":"","overlay-color":"","overlay-opacity":"","overlay-gradient":""},"tablet":{"background-color":"","background-image":"","background-repeat":"repeat","background-position":"center center","background-size":"auto","background-attachment":"scroll","background-type":"","background-media":"","overlay-type":"","overlay-color":"","overlay-opacity":"","overlay-gradient":""},"mobile":{"background-color":"","background-image":"","background-repeat":"repeat","background-position":"center center","background-size":"auto","background-attachment":"scroll","background-type":"","background-media":"","overlay-type":"","overlay-color":"","overlay-opacity":"","overlay-gradient":""}},"ast-content-background-meta":{"desktop":{"background-color":"var(--ast-global-color-4)","background-image":"","background-repeat":"repeat","background-position":"center center","background-size":"auto","background-attachment":"scroll","background-type":"","background-media":"","overlay-type":"","overlay-color":"","overlay-opacity":"","overlay-gradient":""},"tablet":{"background-color":"var(--ast-global-color-4)","background-image":"","background-repeat":"repeat","background-position":"center center","background-size":"auto","background-attachment":"scroll","background-type":"","background-media":"","overlay-type":"","overlay-color":"","overlay-opacity":"","overlay-gradient":""},"mobile":{"background-color":"var(--ast-global-color-4)","background-image":"","background-repeat":"repeat","background-position":"center center","background-size":"auto","background-attachment":"scroll","background-type":"","background-media":"","overlay-type":"","overlay-color":"","overlay-opacity":"","overlay-gradient":""}},"footnotes":""},"class_list":["post-2","page","type-page","status-publish","hentry"],"uagb_featured_image_src":{"full":false,"thumbnail":false,"medium":false,"medium_large":false,"large":false,"1536x1536":false,"2048x2048":false,"trp-custom-language-flag":false},"uagb_author_info":{"display_name":"Alex Vidal","author_link":"https:\/\/www.infouniodigital.es\/ca\/author\/alex\/"},"uagb_comment_info":0,"uagb_excerpt":"INFOUNI\u00d3 Servicio T\u00e9cnico Ofrecemos un servicio t\u00e9cnico especializado en la reparaci\u00f3n de PCs, port\u00e1tiles y equipos inform\u00e1ticos en Lleida. Diagnosticamos [&hellip;]","_links":{"self":[{"href":"https:\/\/www.infouniodigital.es\/ca\/wp-json\/wp\/v2\/pages\/2","targetHints":{"allow":["GET"]}}],"collection":[{"href":"https:\/\/www.infouniodigital.es\/ca\/wp-json\/wp\/v2\/pages"}],"about":[{"href":"https:\/\/www.infouniodigital.es\/ca\/wp-json\/wp\/v2\/types\/page"}],"author":[{"embeddable":true,"href":"https:\/\/www.infouniodigital.es\/ca\/wp-json\/wp\/v2\/users\/1"}],"replies":[{"embeddable":true,"href":"https:\/\/www.infouniodigital.es\/ca\/wp-json\/wp\/v2\/comments?post=2"}],"version-history":[{"count":12,"href":"https:\/\/www.infouniodigital.es\/ca\/wp-json\/wp\/v2\/pages\/2\/revisions"}],"predecessor-version":[{"id":2975,"href":"https:\/\/www.infouniodigital.es\/ca\/wp-json\/wp\/v2\/pages\/2\/revisions\/2975"}],"wp:attachment":[{"href":"https:\/\/www.infouniodigital.es\/ca\/wp-json\/wp\/v2\/media?parent=2"}],"curies":[{"name":"wp","href":"https:\/\/api.w.org\/{rel}","templated":true}]}}